{"id":225,"date":"2018-06-15T10:41:18","date_gmt":"2018-06-15T08:41:18","guid":{"rendered":"http:\/\/www.ff-johnsdorf-brunn.at\/word1press\/?page_id=225"},"modified":"2023-02-03T22:53:16","modified_gmt":"2023-02-03T21:53:16","slug":"klf","status":"publish","type":"page","link":"https:\/\/www.ff-johnsdorf-brunn.at\/word1press\/?page_id=225","title":{"rendered":"Ger\u00e4te &#8211; KLF"},"content":{"rendered":"<div id=\"pl-225\" class=\"panel-layout\">\n<div id=\"pg-225-0\" class=\"panel-grid panel-no-style\">\n<div id=\"pgc-225-0-0\" class=\"panel-grid-cell\" data-weight=\"1\">\n<div id=\"panel-225-0-0-0\" class=\"so-panel widget widget_sow-editor panel-first-child panel-last-child\" data-index=\"0\" data-style=\"{&quot;background_image_attachment&quot;:false,&quot;background_display&quot;:&quot;tile&quot;}\">\n<div class=\"so-widget-sow-editor so-widget-sow-editor-base\">\n<div class=\"siteorigin-widget-tinymce textwidget\">\n<div id=\"c118\" class=\" \">\n<header>\n<h3>Technische Daten und Ausr\u00fcstung<\/h3>\n<\/header>\n<\/div>\n<div class=\"row\">\n<div class=\"col-md-6\">\n<div id=\"c120\" class=\" \">\n<div class=\"ce-textpic ce-right ce-intext\">\n<div class=\"ce-bodytext\">\n<p><b>Baujahr:\u00a0<\/b>1998<br \/>\n<b>Marke:\u00a0<\/b>Mercedes 312D\/35<br \/>\n<b>Aufbau:\u00a0<\/b>Marte GmbH<br \/>\n<b>Leistung: <\/b>90 kW<b><br \/>\nMannst\u00e4rke:<\/b> 8 Mann<b><br \/>\n<\/b><\/p>\n<div class=\"su-spacer\" style=\"height:20px\"><\/div>\n<p><b>Beladung:<\/b><\/p>\n<ul>\n<li>A-Saugschl\u00e4uche<\/li>\n<li>div. Druckschl\u00e4uche<\/li>\n<li>Tragkraftpumpe<\/li>\n<li>SAN-Rucksack<\/li>\n<li>Rettungsleinen<\/li>\n<li>Arbeitsleinen<\/li>\n<li>BOS Funk<\/li>\n<li>Handfunkger\u00e4te 70 cm<\/li>\n<li>div. Handwerkzeuge<\/li>\n<\/ul>\n<\/div>\n<\/div>\n<\/div>\n<\/div>\n<\/div>\n<p><!--more--><\/p>\n<div class=\"n2-has-copy n2-code n2-ss-slider-shortcode-id\" style=\"text-align: center;\">\n<div class=\"n2-has-copy n2-code n2-ss-slider-shortcode-id\"><\/div>\n<\/div>\n<p><!--more--><\/p>\n<p style=\"text-align: center;\"><a href=\"https:\/\/www.ff-johnsdorf-brunn.at\/word1press\/?page_id=771\"><a href=\"https:\/\/www.ff-johnsdorf-brunn.at\/word1press\/?page_id=771\" class=\"su-button su-button-style-default\" style=\"color:#FFFFFF;background-color:#f70000;border-color:#c60000;border-radius:6px\" target=\"_self\"><span style=\"color:#FFFFFF;padding:0px 18px;font-size:14px;line-height:28px;border-color:#fa4d4d;border-radius:6px;text-shadow:none\"> Zur\u00fcck<\/span><\/a><\/a><\/p>\n<\/div>\n<\/div>\n<\/div>\n<\/div>\n<\/div>\n<\/div>\n","protected":false},"excerpt":{"rendered":"<p>Technische Daten und Ausr\u00fcstung Baujahr:\u00a01998 Marke:\u00a0Mercedes 312D\/35 Aufbau:\u00a0Marte GmbH Leistung: 90 kW Mannst\u00e4rke: 8 Mann Beladung: A-Saugschl\u00e4uche div. Druckschl\u00e4uche Tragkraftpumpe SAN-Rucksack Rettungsleinen Arbeitsleinen BOS Funk Handfunkger\u00e4te 70 cm div. Handwerkzeuge<\/p>\n","protected":false},"author":1,"featured_media":0,"parent":0,"menu_order":0,"comment_status":"closed","ping_status":"closed","template":"","meta":{"footnotes":""},"_links":{"self":[{"href":"https:\/\/www.ff-johnsdorf-brunn.at\/word1press\/index.php?rest_route=\/wp\/v2\/pages\/225"}],"collection":[{"href":"https:\/\/www.ff-johnsdorf-brunn.at\/word1press\/index.php?rest_route=\/wp\/v2\/pages"}],"about":[{"href":"https:\/\/www.ff-johnsdorf-brunn.at\/word1press\/index.php?rest_route=\/wp\/v2\/types\/page"}],"author":[{"embeddable":true,"href":"https:\/\/www.ff-johnsdorf-brunn.at\/word1press\/index.php?rest_route=\/wp\/v2\/users\/1"}],"replies":[{"embeddable":true,"href":"https:\/\/www.ff-johnsdorf-brunn.at\/word1press\/index.php?rest_route=%2Fwp%2Fv2%2Fcomments&post=225"}],"version-history":[{"count":12,"href":"https:\/\/www.ff-johnsdorf-brunn.at\/word1press\/index.php?rest_route=\/wp\/v2\/pages\/225\/revisions"}],"predecessor-version":[{"id":3957,"href":"https:\/\/www.ff-johnsdorf-brunn.at\/word1press\/index.php?rest_route=\/wp\/v2\/pages\/225\/revisions\/3957"}],"wp:attachment":[{"href":"https:\/\/www.ff-johnsdorf-brunn.at\/word1press\/index.php?rest_route=%2Fwp%2Fv2%2Fmedia&parent=225"}],"curies":[{"name":"wp","href":"https:\/\/api.w.org\/{rel}","templated":true}]}}