{"id":497,"date":"2018-06-26T08:28:12","date_gmt":"2018-06-26T06:28:12","guid":{"rendered":"http:\/\/www.ff-johnsdorf-brunn.at\/word1press\/?page_id=497"},"modified":"2022-10-15T21:00:38","modified_gmt":"2022-10-15T19:00:38","slug":"impressum","status":"publish","type":"page","link":"https:\/\/www.ff-johnsdorf-brunn.at\/word1press\/?page_id=497","title":{"rendered":"Impressum"},"content":{"rendered":"<p><b>Herausgeber und f\u00fcr den Inhalt verantwortlich:<\/b><\/p>\n<p>Freiwillige Feuerwehr Johnsdorf-Brunn<\/p>\n<p>HBI Philipp Steirer<br \/>\nJohnsdorf 70<br \/>\nA-8350 Fehring<\/p>\n<p>Webmaster: Team Sachgebiet \u00d6ffentlichkeitsarbeit und Dokumentation<\/p>\n<p>Email Kommando: <a href=\"mailto:feuerwehr.johnsdorf-brunn@bfvfb.at\">feuerwehr.johnsdorf-brunn@bfvfb.at<\/a><br \/>\nEmail Webadmin: <a href=\"mailto:admin@ff-johnsdorf-brunn.at\">admin@ff-johnsdorf-brunn.at<\/a><\/p>\n<p class=\"align-justify\">Die <b><i>Weiterverwendung und das Kopieren oder\u00a0Vervielf\u00e4ltigen\u00a0von Bildmaterial bzw. Inhalten<\/i><\/b> ist nur <b><u>mit ausdr\u00fccklicher Genehmigung<\/u><\/b> durch den Pressedienst der Feuerwehr Johnsdorf-Brunn gestattet.<\/p>\n<div>\n<p><b>Haftung f\u00fcr Inhalte<\/b><\/p>\n<\/div>\n<div>\n<p>Es wird keinerlei Gew\u00e4hr f\u00fcr die Richtigkeit, Vollst\u00e4ndigkeit und Aktualit\u00e4t der auf dieser Website bereitgestellten Informationen \u00fcbernommen. F\u00fcr Sch\u00e4den, gleich ob materieller oder immaterieller Natur, die durch die Nutzung der auf dieser Website dargestellten Informationen verursacht worden sind, ist, auch wenn diese fehlerhaft oder unvollst\u00e4ndig sind, eine Haftung ausgeschlossen.<\/p>\n<\/div>\n<div>\n<p><b>Haftung f\u00fcr Links<\/b><\/p>\n<\/div>\n<div>\n<p>Unser Angebot enth\u00e4lt Links zu externen Webseiten Dritter, auf deren Inhalte wir keinen Einfluss haben. Deshalb k\u00f6nnen wir f\u00fcr diese fremden Inhalte auch keine Gew\u00e4hr \u00fcbernehmen. F\u00fcr die Inhalte der verlinkten Seiten ist stets der jeweilige Anbieter oder Betreiber der Seiten verantwortlich. Die verlinkten Seiten wurden zum Zeitpunkt der Verlinkung auf m\u00f6gliche Rechtsverst\u00f6\u00dfe \u00fcberpr\u00fcft. Rechtswidrige Inhalte waren zum Zeitpunkt der Verlinkung nicht erkennbar. Eine permanente inhaltliche Kontrolle der verlinkten Seiten ist jedoch ohne konkrete Anhaltspunkte einer Rechtsverletzung nicht zumutbar. Bei Bekanntwerden von Rechtsverletzungen werden wir derartige Links umgehend entfernen.<\/p>\n<\/div>\n<div>\n<p><b>Urheberrecht<\/b><\/p>\n<\/div>\n<div>\n<p>Die durch die Seitenbetreiber erstellten Inhalte und Werke auf diesen Seiten unterliegen dem deutschen Urheberrecht. Die Vervielf\u00e4ltigung, Bearbeitung, Verbreitung und jede Art der Verwertung au\u00dferhalb der Grenzen des Urheberrechtes bed\u00fcrfen der schriftlichen Zustimmung des jeweiligen Autors bzw. Erstellers. Downloads und Kopien dieser Seite sind nur f\u00fcr den privaten, nicht kommerziellen Gebrauch gestattet. Soweit die Inhalte auf dieser Seite nicht vom Betreiber erstellt wurden, werden die Urheberrechte Dritter beachtet. Insbesondere werden Inhalte Dritter als solche gekennzeichnet. Sollten Sie trotzdem auf eine Urheberrechtsverletzung aufmerksam werden, bitten wir um einen entsprechenden Hinweis. Bei Bekanntwerden von Rechtsverletzungen werden wir derartige Inhalte umgehend entfernen.<\/p>\n<\/div>\n<div>\n<p><b>Einsatz von Google Analytics<\/b><\/p>\n<\/div>\n<div>\n<p>F\u00fcr die \u00f6ffentlich zug\u00e4nglichen Web-Seiten benutzen wir zum Zwecke der statistischen Auswertung Google Analytics, eine Webanalyse der Google Inc. Google Analytics verwendet sogenannte \u201eCookies\u201d, Textdateien, die auf Ihrem Computer gespeichert werden und die eine Analyse der Benutzung der Webseiten durch Sie erm\u00f6glicht. Die durch den Cookie erzeugten Informationen (Internet Service Provider, Verlinkte Webseite, Besuchte Webseiten, Dauer des Aufenthaltes, Informationsanforderungen) werden an einen Server von Google in den USA \u00fcbertragen und dort gespeichert.<br \/>\nGoogle wird diese Informationen benutzen, um Ihre Nutzung der Website auszuwerten, um Reports \u00fcber die Webseitenaktivit\u00e4ten f\u00fcr uns zusammenzustellen und um weitere mit der Websitenutzung und der Internetnutzung verbundene Dienstleistungen zu erbringen. Auch wird Google diese Informationen gegebenenfalls an Dritte \u00fcbertragen, sofern dies gesetzlich vorgeschrieben oder soweit Dritte diese Daten im Auftrag von Google verarbeiten. Google wird in keinem Fall Ihre IP-Adresse mit anderen Daten in Verbindung bringen.<br \/>\nGoogle ist Mitglied des EU\/US Safe Harbor Programms und verpflichtet sich damit, die EU-Datenschutzbestimmungen bez\u00fcglich Mitteilung, Wahlm\u00f6glichkeit, Weitergabe, Sicherheit, Datenintegrit\u00e4t, Zugang und Durchsetzung einzuhalten. Mit dem rechtsverbindlichen Safe Harbor-Statement garantiert Google einen Datenschutz-Standard, der mit europ\u00e4ischen Rechtsvorstellungen \u00fcbereinstimmt.<br \/>\nSie k\u00f6nnen die Installation der Cookies durch eine entsprechende Einstellung Ihrer Browser Software verhindern \u2013 in diesem Fall wird es sein, dass Sie nicht s\u00e4mtliche Funktionen unserer Webseite voll umf\u00e4nglich nutzen k\u00f6nnen.<br \/>\nDurch die Nutzung dieser Webseite erkl\u00e4ren Sie sich mit der Bearbeitung der \u00fcber Sie erhobenen Daten in der zuvor beschriebenen Art und Weise und zu dem zuvor benannten Zweck einverstanden.<\/p>\n<\/div>\n<p>\u00a9 2018 Freiwillige Feuerwehr Johnsdorf-Brunn<\/p>\n<div class=\"su-divider su-divider-style-default\" style=\"margin:15px 0;border-width:3px;border-color:#999999\"><a href=\"#\" style=\"color:#999999\">Nach oben<\/a><\/div>\n","protected":false},"excerpt":{"rendered":"<p>Herausgeber und f\u00fcr den Inhalt verantwortlich: Freiwillige Feuerwehr Johnsdorf-Brunn HBI Philipp Steirer Johnsdorf 70 A-8350 Fehring Webmaster: Team Sachgebiet \u00d6ffentlichkeitsarbeit und Dokumentation Email Kommando: feuerwehr.johnsdorf-brunn@bfvfb.at Email Webadmin: admin@ff-johnsdorf-brunn.at Die Weiterverwendung und das Kopieren oder\u00a0Vervielf\u00e4ltigen\u00a0von Bildmaterial bzw. Inhalten ist nur mit ausdr\u00fccklicher Genehmigung durch den Pressedienst der Feuerwehr Johnsdorf-Brunn gestattet. Haftung f\u00fcr Inhalte Es wird keinerlei&hellip;<\/p>\n","protected":false},"author":1,"featured_media":0,"parent":0,"menu_order":0,"comment_status":"closed","ping_status":"closed","template":"","meta":{"footnotes":""},"_links":{"self":[{"href":"https:\/\/www.ff-johnsdorf-brunn.at\/word1press\/index.php?rest_route=\/wp\/v2\/pages\/497"}],"collection":[{"href":"https:\/\/www.ff-johnsdorf-brunn.at\/word1press\/index.php?rest_route=\/wp\/v2\/pages"}],"about":[{"href":"https:\/\/www.ff-johnsdorf-brunn.at\/word1press\/index.php?rest_route=\/wp\/v2\/types\/page"}],"author":[{"embeddable":true,"href":"https:\/\/www.ff-johnsdorf-brunn.at\/word1press\/index.php?rest_route=\/wp\/v2\/users\/1"}],"replies":[{"embeddable":true,"href":"https:\/\/www.ff-johnsdorf-brunn.at\/word1press\/index.php?rest_route=%2Fwp%2Fv2%2Fcomments&post=497"}],"version-history":[{"count":10,"href":"https:\/\/www.ff-johnsdorf-brunn.at\/word1press\/index.php?rest_route=\/wp\/v2\/pages\/497\/revisions"}],"predecessor-version":[{"id":3759,"href":"https:\/\/www.ff-johnsdorf-brunn.at\/word1press\/index.php?rest_route=\/wp\/v2\/pages\/497\/revisions\/3759"}],"wp:attachment":[{"href":"https:\/\/www.ff-johnsdorf-brunn.at\/word1press\/index.php?rest_route=%2Fwp%2Fv2%2Fmedia&parent=497"}],"curies":[{"name":"wp","href":"https:\/\/api.w.org\/{rel}","templated":true}]}}